{"id":341,"date":"2019-01-23T11:27:53","date_gmt":"2019-01-23T16:27:53","guid":{"rendered":"https:\/\/hugopalma.academy\/?page_id=341"},"modified":"2024-04-08T17:59:34","modified_gmt":"2024-04-08T22:59:34","slug":"cultura","status":"publish","type":"page","link":"https:\/\/hugopalma.academy\/?page_id=341","title":{"rendered":"Publicaciones &#038; Conferencias 08)"},"content":{"rendered":"\n<p>01) <a href=\"https:\/\/hugopalma.academy\/hp-docs\/08.%20Cultura\/Lineamientos%20para%20una%20politica%20cultural%20%20y%20Propuesta%20de%20Pol%C3%ADticas%20Culturales%20CADE%20EJECUTIVO%202001%202002.pdf\">Lineamientos para una Pol\u00edtica Cultural y Propuesta de Pol\u00edticas Culturales.\u00a0 Presentaci\u00f3n en CADE EJECUTIVO 2000 &#8211; 2001 \u201cPer\u00fa: \u00bfEn qu\u00e9 pa\u00eds queremos vivir? Apuesta por la Educaci\u00f3n y Cultura. En la preparaci\u00f3n del CADE 2000 &#8211; 2001 sobre Educaci\u00f3n y Cultura, los organizadores del Insituto Peruano de Acci\u00f3n Empresarial, IPAE, <a href=\"https:\/\/hugopalma.academy\/hp-docs\/08.%20Cultura\/Lineamientos%20para%20una%20politica%20cultural%20%20y%20Propuesta%20de%20Pol%C3%ADticas%20Culturales%20CADE%20EJECUTIVO%202001%202002.pdf\">me confiaron el cargo de Coordinador de este \u00faltimo tema. La presentaci\u00f3n incluye consideraciones preliminares para la elaboraci\u00f3n de una pol\u00edtica cultural; as\u00ed como una Propuesta de Pol\u00edticas Culturales. Tema complejo que comprende valores, conductas y productos; y se relaciona con la educaci\u00f3n en un proceso interminable de retroalimentaci\u00f3n que incluye cuestiones formales y no formales. La cultura peruana, antigua y riqu\u00edsima, es una de las nueve originarias del mundo. Su protecci\u00f3n y desarrollo exige la adopci\u00f3n de \u201cpol\u00edticas culturales\u201d que promuevan, protejan y valoricen el patrimonio cultural material e inmaterial y las convierta en el eficaz factor de desarrollo que debe ser. Esta capacidad, fue reconocida en el Informe de la Comisi\u00f3n Mundial de Cultura y Desarrollo de la UNESCO, cuya presidencia fue desempe\u00f1ada por el Embajador Javier P\u00e9rez de Cu\u00e9llar, luego de la d\u00e9cada que ocup\u00f3 el cargo de Secretario General de las Naciones Unidas.<\/a><\/a> <\/p>\n\n\n\n<p>02) <a href=\"https:\/\/hugopalma.academy\/hp-docs\/08.%20Cultura\/Homenaje%20a%20Jos%C3%A9%20Le%C3%B3n%20Barandiar%C3%A1n_Tomo%20I.pdf\">Jos\u00e9 Le\u00f3n Barandiar\u00e1n y el Quijote. Ensayo. Publicado en \u00bb Homenaje a Jos\u00e9 Le\u00f3n Barandiar\u00e1n\u00bb Fondo Editorial del Congreso del Per\u00fa, 2000. Examen de un ensayo del ilustre jurista sobre los aspectos legales de las actuaciones del inmortal Caballero de La Mancha. En su casi enloquecida pasi\u00f3n por hacer justicia, comete algunas infracciones legales que repara de su modesto peculio. Ninguna fue deliberada, pues siempre pens\u00f3 que su deber era \u00abproteger a los d\u00e9biles y mujeres y deshacer entuertos\u00bb.<\/a><\/p>\n\n\n\n<p>03) <a href=\"https:\/\/hugopalma.academy\/hp-docs\/08.%20Cultura\/Circuito%20Amano_El%20Peruano.pdf\">Circuito Amano. La invalorable contribuci\u00f3n de arque\u00f3logos japoneses se realiz\u00f3 por d\u00e9cadas principalmente en la parte norte del pa\u00eds. La creaci\u00f3n de un circuito en memoria de Yoshitaro Amano, gran peruanista, quien impuls\u00f3 la venida de cient\u00edficos japoneses a nuestro pa\u00eds, ser\u00eda un considerable  atractivo para visitantes japoneses e incrementar\u00eda el turismo a esa regi\u00f3n. <a href=\"https:\/\/hugopalma.academy\/hp-docs\/08.%20Cultura\/Circuito%20Amano_El%20Peruano.pdf\">Art\u00edculo. El Peruano, Lima, 8 julio 2008<\/a>. <\/a><\/p>\n\n\n\n<p>04) <a href=\"https:\/\/hugopalma.academy\/hp-docs\/08.%20Cultura\/Presentaci%C3%B3n%20de%20Libro%20de%20los%20Manantiales%20de%20Roland%20Forgues.pdf\">Presentaci\u00f3n del \u00abLibro de los Manantiales\u00bb de Roland Forgues. Discurso. Universidad Ricardo Palma, Lima 16 agosto 2006. Libro del distinguido peruanista y acad\u00e9mico franc\u00e9s. A\u00fana su versaci\u00f3n acad\u00e9mica a comentarios sobre un importante grupo de creadores peruanos en literatura y arte; as\u00ed como sus d\u00e9cadas de investigaci\u00f3n y docencia sobre temas peruanos y latinoamericanos. Contiene tambi\u00e9n bellos pasajes sobre sus peregrinajes por el pa\u00eds y acertadas descripciones de sus paisajes, costumbres y gastronom\u00eda.<\/a><\/p>\n\n\n\n<p>05) <a href=\"https:\/\/hugopalma.academy\/wp-content\/uploads\/2023\/09\/LA-COCINA-JAPONESA-\u2013-Embajada-del-Japon-en-Lima-2010.pdf\">La cultura japonesa. Charla sobre <\/a><a href=\"https:\/\/hugopalma.academy\/wp-content\/uploads\/2023\/09\/LA-COCINA-JAPONESA-\u2013-Embajada-del-Japon-en-Lima-2010.pdf\">la enorme variedad de la cocina de ese pa\u00eds. Embajada del Jap\u00f3n 2010<\/a>.<\/p>\n\n\n\n<p>06) <a href=\"https:\/\/hugopalma.academy\/hp-docs\/08.%20Cultura\/Le%20P%C3%A9rou%20de%20l%27origine%20aux%20Incas.pdf\">Le P\u00e9rou de l&#8217;origine aux Incas. Edici\u00f3n especial de Les Dossiers D&#8217;Archeologie N\u00b02 Hors S\u00e9rie, enero 1992. Francia. Embajada del Per\u00fa. Con ayuda del distinguido peruanista Dr. Daniel Levine, la prestigiosa revista public\u00f3 una muy bella edici\u00f3n especial sobre las antiguas culturas peruanas. En la presentaci\u00f3n, como Embajador del Per\u00fa subray\u00e9 la magia del nombre del Per\u00fa, que en lengua francesa con las expresiones C\u2019est le P\u00e9rou o en su forma negativa Ce n\u2019est pas le P\u00e9rou, refiere a un pa\u00eds de maravillas, a tesoros que hicieron la riqueza de los espa\u00f1oles y territorios inmensos y bien administrados. Estudiosos peruanos y extranjeros de prestigio contribuyeron con valiosos art\u00edculos sobre las antiguas culturas peruanas.<\/a><\/p>\n\n\n\n<p>07) <a href=\"https:\/\/hugopalma.academy\/hp-docs\/08.%20Cultura\/Peru%20al%20pie%20del%20orbe_yo%20me%20adhiero_Homenaje%20a%20C%C3%A9sar%20Vallejo.pdf\">Per\u00fa al pie del orbe yo me adhiero Homenaje a Cesar Vallejo. Libro. Embajada del Per\u00fa en Francia 1993. Edici\u00f3n biling\u00fce espa\u00f1ol-franc\u00e9s. Homenaje a C\u00e9sar Vallejo en el centenario de su nacimiento. Contiene una contribuci\u00f3n especial del Dr. Federico Mayor, Director General de la UNESCO. Incluye textos especialmente preparados para la ocasi\u00f3n por distinguidos acad\u00e9micos y escritores peruanos residentes en Paris. 97 p\u00e1gs.<\/a><\/p>\n\n\n\n<p>08) <a href=\"https:\/\/hugopalma.academy\/hp-docs\/08.%20Cultura\/Vallejo_70%20a%C3%B1os%20despu%C3%A9s.pdf\">Vallejo: 70 a\u00f1os despu\u00e9s. Publicaci\u00f3n. Embajada del Per\u00fa en Jap\u00f3n. Homenaje en las siete d\u00e9cadas de su fallecimiento. Con la colaboraci\u00f3n del Instituto Cervantes de Tokio organizamos un evento acad\u00e9mico con participaci\u00f3n de distinguidos acad\u00e9micos japoneses. Sus eruditas presentaciones fueron intercaladas con la lectura de poemas de Vallejo por los miembros de la Embajada. Por coincidencia, a\u00f1os antes me correspondi\u00f3 organizar como Embajador en Francia y Representante en la UNESCO similar homenaje y publicaci\u00f3n con motivo del centenario del nacimiento de nuestro poeta. 35 p\u00e1gs.<\/a><\/p>\n\n\n\n<p>09) <a href=\"https:\/\/hugopalma.academy\/hp-docs\/08.%20Cultura\/Medio%20siglo%20de%20contribuciones%20japonesas%20a%20la%20arqueolog%C3%ADa%20en%20el%20Per%C3%BA.pdf\">Medio siglo de contribuciones japonesas a la arqueolog\u00eda en el Per\u00fa. Publicaci\u00f3n. Embajada del Per\u00fa en Jap\u00f3n 2008. Espa\u00f1ol y Japon\u00e9s. Homenaje y agradecimiento a la tarea de arque\u00f3logos y otros estudiosos japoneses al conocimiento de las antiguas culturas peruanas y al apoyo del Gobierno del Jap\u00f3n. Arque\u00f3logos japoneses hicieron conocer al mundo la extraordinaria importancia de Kotosh, Kuntur Wasi y Sic\u00e1n. El generoso financiamiento oficial, enriqueci\u00f3 al Per\u00fa con los museos de Chav\u00edn de Huantar, Kuntur Wasi y Sic\u00e1n. 85 p\u00e1gs.<\/a><\/p>\n\n\n\n<p>10) <a href=\"https:\/\/hugopalma.academy\/hp-docs\/08.%20Cultura\/La%20cultura%20peruana%20y%20Jap%C3%B3n%202004%20Feb08.pdf\">La cultura peruana y Jap\u00f3n. Art\u00edculo. Diario Correo, Lima 8 febrero 2008 La cultura peruana suscita considerable inter\u00e9s en Jap\u00f3n. Por m\u00e1s de medio siglo arque\u00f3logos japoneses han trabajado ininterrumpidamente en diversos lugares del pa\u00eds y la exposici\u00f3n Nazca en nueve ciudades de Jap\u00f3n, fue apreciada por cerca de un mill\u00f3n de personas. Jap\u00f3n contribuy\u00f3 a la construcci\u00f3n de los museos de Chav\u00edn de Hu\u00e1ntar, Kuntur Wasi y Sican.<\/a><\/p>\n\n\n\n<p>11) <a href=\"https:\/\/hugopalma.academy\/hp-docs\/08.%20Cultura\/Per%C3%BA%20Arqueol%C3%B3gico_BCRP.pdf\">Per\u00fa Arqueol\u00f3gico. Cat\u00e1logo. 1998. Con el apoyo de la Dra. Cecilia B\u00e1kula, Directora del Museo del Banco Central de Reserva del Per\u00fa y la contribuci\u00f3n del Banco do Brasil y otros, la Embajada del Per\u00fa present\u00f3 en prestigiosos espacios en Salvador de Bah\u00eda, R\u00edo de Janeiro y Brasilia, una valiosa selecci\u00f3n de piezas cer\u00e1micas, textiles y met\u00e1licas incluyendo cobre, oro y plata de las culturas Vicus, Mochica, Nazca, Chim\u00fa, Lambayeque y Wari. Alcanz\u00f3 mucho \u00e9xito, siendo visitada por m\u00e1s de 15.000 personas. <\/a><\/p>\n\n\n\n<p>12)<a href=\"https:\/\/hugopalma.academy\/hp-docs\/08.%20Cultura\/Homenaje%20al%20Doctor%20Oscar%20Trelles%20Montes.pdf\"> Homenaje al Doctor Oscar Trelles Montes. Discurso. Alianza Francesa de Lima. Empezar una carrera diplom\u00e1tica a \u00f3rdenes de dos \u00abEmbajadores pol\u00edticos\u00bb Oscar Trelles Montes y Francisco Miro Quesada Cantuarias, fue un gran privilegio. Trelles, medico, cient\u00edfico y pol\u00edtico fue un lujo como Embajador en Francia y un hombre p\u00fablico comprometido con lo m\u00e1s noble del Per\u00fa.<\/a><\/p>\n\n\n\n<p>13) <a href=\"https:\/\/hugopalma.academy\/hp-docs\/08.%20Cultura\/Edgardo%20de%20Habich.pdf\">Presentaci\u00f3n de la \u00abAgenda Nost\u00e1lgica\u00bb de Edgardo de Habich. Discurso. Academia Diplom\u00e1tica del Per\u00fa, 12 noviembre 1999. Ni diario ni biograf\u00eda, el aliento po\u00e9tico y la bonhom\u00eda del autor se revelan en la manera de describir su vivencia con personas de procedencias diversas y circunstancias variadas.<\/a><\/p>\n\n\n\n<p>14) <a href=\"https:\/\/hugopalma.academy\/hp-docs\/08.%20Cultura\/La%20agenda%20nost%C3%A1lgica_EdeHabich.pdf\">La Agenda Nost\u00e1lgica Edgardo de Habich. La generosidad de Edgardo de Habich, poeta, escritor y diplom\u00e1tico con este amigo, es una deuda que no pude pagar. <\/a><\/p>\n\n\n\n<p>15) <a href=\"https:\/\/hugopalma.academy\/hp-docs\/08.%20Cultura\/Homenaje%20a%20Alfonso%20de%20Silva%201999%20Ago26.pdf\">Homenaje a Alfonso de Silva. Art\u00edculo. El Comercio, Lima, 26 agosto 1999. Hijo del gran m\u00fasico peruano radicado en Francia, fue hombre de cultura y acci\u00f3n. Destacado funcionario de UNESCO, sirvi\u00f3 tambi\u00e9n al Per\u00fa promoviendo actividades culturales desde cargos honorarios en la Embajada del Per\u00fa en Francia y la Representaci\u00f3n en la UNESCO.<\/a><\/p>\n\n\n\n<p>16) <a href=\"https:\/\/hugopalma.academy\/hp-docs\/08.%20Cultura\/Gastronom%C3%ADa%20peruana.pdf\">Gastronom\u00eda peruana. Folleto. Japon\u00e9s. Embajada de Jap\u00f3n. Recetas de gastronom\u00eda 2007. <\/a><\/p>\n\n\n\n<p>17) <a href=\"https:\/\/hugopalma.academy\/hp-docs\/08.%20Cultura\/La%20papa%20regalo%20del%20Per%C3%BA%20al%20mundo%20recetario.pdf\">La papa regalo del Per\u00fa al mundo. Folleto. Japon\u00e9s. Embajada del Per\u00fa en Jap\u00f3n 2007. Recetas de gastronom\u00eda con nuestro tub\u00e9rculo.<\/a><\/p>\n\n\n\n<p>18) <a href=\"https:\/\/hugopalma.academy\/hp-docs\/08.%20Cultura\/Pisco%20es%20Per%C3%BA_Folleto.pdf\">Pisco es Per\u00fa. Recetario, Japon\u00e9s. Embajada del Per\u00fa. Con variadas presentaciones de nuestra bebida de bandera y fue distribuido en todos los eventos culturales y sociales que se organizaron.<\/a><\/p>\n\n\n\n<p><\/p>\n","protected":false},"excerpt":{"rendered":"<p>01) Lineamientos para una Pol\u00edtica Cultural y Propuesta de Pol\u00edticas Culturales.\u00a0 Presentaci\u00f3n en CADE EJECUTIVO 2000 &#8211; 2001 \u201cPer\u00fa: \u00bfEn qu\u00e9 pa\u00eds queremos vivir? Apuesta por la Educaci\u00f3n y Cultura. En la preparaci\u00f3n del CADE 2000 &#8211; 2001 sobre Educaci\u00f3n y Cultura, los organizadores del Insituto Peruano de Acci\u00f3n Empresarial, IPAE, me confiaron el cargo &hellip; <\/p>\n<p class=\"link-more\"><a href=\"https:\/\/hugopalma.academy\/?page_id=341\" class=\"more-link\">Continue reading<span class=\"screen-reader-text\"> \u00abPublicaciones &#038; Conferencias 08)\u00bb<\/span><\/a><\/p>\n","protected":false},"author":2,"featured_media":0,"parent":0,"menu_order":0,"comment_status":"closed","ping_status":"closed","template":"","meta":{"jetpack_post_was_ever_published":false,"footnotes":""},"class_list":["post-341","page","type-page","status-publish","hentry"],"jetpack_sharing_enabled":true,"jetpack_shortlink":"https:\/\/wp.me\/Pa9V6O-5v","_links":{"self":[{"href":"https:\/\/hugopalma.academy\/index.php?rest_route=\/wp\/v2\/pages\/341","targetHints":{"allow":["GET"]}}],"collection":[{"href":"https:\/\/hugopalma.academy\/index.php?rest_route=\/wp\/v2\/pages"}],"about":[{"href":"https:\/\/hugopalma.academy\/index.php?rest_route=\/wp\/v2\/types\/page"}],"author":[{"embeddable":true,"href":"https:\/\/hugopalma.academy\/index.php?rest_route=\/wp\/v2\/users\/2"}],"replies":[{"embeddable":true,"href":"https:\/\/hugopalma.academy\/index.php?rest_route=%2Fwp%2Fv2%2Fcomments&post=341"}],"version-history":[{"count":42,"href":"https:\/\/hugopalma.academy\/index.php?rest_route=\/wp\/v2\/pages\/341\/revisions"}],"predecessor-version":[{"id":2474,"href":"https:\/\/hugopalma.academy\/index.php?rest_route=\/wp\/v2\/pages\/341\/revisions\/2474"}],"wp:attachment":[{"href":"https:\/\/hugopalma.academy\/index.php?rest_route=%2Fwp%2Fv2%2Fmedia&parent=341"}],"curies":[{"name":"wp","href":"https:\/\/api.w.org\/{rel}","templated":true}]}}