{"id":1342,"date":"2021-09-14T20:40:56","date_gmt":"2021-09-15T01:40:56","guid":{"rendered":"https:\/\/hugopalma.academy\/?page_id=1342"},"modified":"2024-10-27T12:23:33","modified_gmt":"2024-10-27T17:23:33","slug":"varios","status":"publish","type":"page","link":"https:\/\/hugopalma.academy\/?page_id=1342","title":{"rendered":"Publicaciones &#038; Conferencias 09)"},"content":{"rendered":"\n<p>01) <a href=\"https:\/\/hugopalma.academy\/wp-content\/uploads\/2024\/10\/SI-QUIERES-PAZ.pdf\">Si Quieres Paz&#8230;<\/a><\/p>\n\n\n\n<p>02) <a href=\"https:\/\/hugopalma.academy\/wp-content\/uploads\/2024\/06\/SERVIMOS-A-LA-NACION-H-Palma-PERU21-24mayo2024.png\">Servimos a la Naci\u00f3n.<\/a><\/p>\n\n\n\n<p>03) <a href=\"https:\/\/hugopalma.academy\/wp-content\/uploads\/2024\/04\/Cavando-su-tumba-y-la-del-Peru.pdf\">Cavando su tumba; y la del Per\u00fa.<\/a><\/p>\n\n\n\n<p>04) <a href=\"https:\/\/hugopalma.academy\/wp-content\/uploads\/2023\/03\/Los-establos-de-Augias.pdf\">Los establos de Aug\u00edas.<\/a><\/p>\n\n\n\n<p>05) <a href=\"https:\/\/hugopalma.academy\/wp-content\/uploads\/2023\/03\/Los-paraisos.pdf\">Los Para\u00edsos.<\/a><\/p>\n\n\n\n<p>06) <a href=\"https:\/\/hugopalma.academy\/wp-content\/uploads\/2023\/03\/Presuncion-de-delincuencia.pdf\">Presunci\u00f3n de delincuencia.<\/a><\/p>\n\n\n\n<p>07) <a href=\"https:\/\/hugopalma.academy\/wp-content\/uploads\/2023\/02\/No-nos-confundan-con-hechos.pdf\">No nos confundan con hechos.<\/a><\/p>\n\n\n\n<p>08) <a href=\"https:\/\/hugopalma.academy\/wp-content\/uploads\/2023\/02\/Hermanos-o-compinches.pdf\">\u00bfHermanos o compinches?.<\/a><\/p>\n\n\n\n<p>09) <a href=\"https:\/\/hugopalma.academy\/wp-content\/uploads\/2023\/02\/Miente-miente-te-creeran.pdf\">Miente, miente; te creer\u00e1n.<\/a><\/p>\n\n\n\n<p>10) <a href=\"https:\/\/hugopalma.academy\/wp-content\/uploads\/2023\/02\/El-clamor-del-pueblo.pdf\">El clamor del pueblo.<\/a><\/p>\n\n\n\n<p>11) <a href=\"https:\/\/hugopalma.academy\/wp-content\/uploads\/2023\/01\/Guerras-avisadas-tambien-matan-gente.pdf\">Guerras avisadas tambi\u00e9n matan gente.<\/a><\/p>\n\n\n\n<p>12) <a href=\"https:\/\/hugopalma.academy\/wp-content\/uploads\/2023\/01\/La-guerra-de-las-palabras.pdf\">La guerra de las palabras.<\/a><\/p>\n\n\n\n<p>13) <a href=\"https:\/\/hugopalma.academy\/wp-content\/uploads\/2023\/01\/Haganlo-por-ustedes.pdf\">H\u00e1ganlo por ustedes.<\/a><\/p>\n\n\n\n<p>14) <a href=\"https:\/\/hugopalma.academy\/wp-content\/uploads\/2023\/01\/El-hilo-conductor.pdf\">El hilo conductor.<\/a><\/p>\n\n\n\n<p>15) <a href=\"https:\/\/hugopalma.academy\/wp-content\/uploads\/2023\/01\/Muchisimo-que-hacer.pdf\">&#8230;Much\u00edsimo que hacer.<\/a><\/p>\n\n\n\n<p>16) <a href=\"https:\/\/hugopalma.academy\/wp-content\/uploads\/2022\/12\/Inteligencia-negligencia-y-estupidez.pdf\">Inteligencia, negligencia y estupidez.<\/a><\/p>\n\n\n\n<p>17) <a href=\"https:\/\/hugopalma.academy\/wp-content\/uploads\/2022\/12\/Y-que-esperabamos.pdf\">\u00bfY qu\u00e9 esper\u00e1bamos?.<\/a><\/p>\n\n\n\n<p>18) <a href=\"https:\/\/hugopalma.academy\/wp-content\/uploads\/2022\/12\/Velocidad-y-altura-conservan-la-dentadura.pdf\">Velocidad y altura conservan la dentadura.<\/a><\/p>\n\n\n\n<p>19) <a href=\"https:\/\/hugopalma.academy\/wp-content\/uploads\/2022\/12\/Pedro-y-los-lobos.pdf\">Pedro y los lobos.<\/a><\/p>\n\n\n\n<p>20) <a href=\"https:\/\/hugopalma.academy\/wp-content\/uploads\/2022\/11\/Demasiado-tarde.pdf\">\u00bfDemasiado tarde?.<\/a><\/p>\n\n\n\n<p>21) <a href=\"https:\/\/hugopalma.academy\/wp-content\/uploads\/2022\/11\/Mision-imposible-Peru.pdf\">Misi\u00f3n imposible; Per\u00fa.<\/a><\/p>\n\n\n\n<p>22) <a href=\"https:\/\/hugopalma.academy\/wp-content\/uploads\/2022\/11\/Que-hable-y-que-diga.pdf\">Que hable y que diga.<\/a><\/p>\n\n\n\n<p>23) <a href=\"https:\/\/hugopalma.academy\/wp-content\/uploads\/2022\/11\/Cartas-y-viajes-van-y-vienen.pdf\">Cartas y viajes van y vienen.<\/a><\/p>\n\n\n\n<p>24) <a href=\"https:\/\/hugopalma.academy\/wp-content\/uploads\/2022\/10\/Los-nuevos-monstruos.pdf\">Los nuevos monstruos<\/a><\/p>\n\n\n\n<p>25) <a href=\"https:\/\/hugopalma.academy\/wp-content\/uploads\/2022\/10\/OEA-un-milagrito.pdf\">OEA, un milagrito.<\/a><\/p>\n\n\n\n<p>26) <a href=\"https:\/\/hugopalma.academy\/wp-content\/uploads\/2022\/10\/Colaboradores-eficaces.pdf\">Colaboradores eficaces.<\/a><\/p>\n\n\n\n<p>27) <a href=\"https:\/\/hugopalma.academy\/wp-content\/uploads\/2022\/10\/Lluvia-de-millones-show-OEA-y-pueblo-sin-papas.pdf\">Lluvia de millones, show OEA y pueblo sin papas.<\/a><\/p>\n\n\n\n<p>28) <a href=\"https:\/\/hugopalma.academy\/wp-content\/uploads\/2022\/10\/Hay-rejas-en-la-vida-tan-fuertes-yo-no-se.pdf\">Hay rejas en la vida, tan fuertes, \u00a1Yo no s\u00e9!.<\/a><\/p>\n\n\n\n<p>29) <a href=\"https:\/\/hugopalma.academy\/wp-content\/uploads\/2022\/09\/Funeral-electoral.pdf\">Funeral electoral.<\/a><\/p>\n\n\n\n<p>30) <a href=\"https:\/\/hugopalma.academy\/wp-content\/uploads\/2022\/09\/Gobernar-desde-los-banquillos.pdf\">Gobernar desde los banquillos.<\/a><\/p>\n\n\n\n<p>31) <a href=\"https:\/\/hugopalma.academy\/wp-content\/uploads\/2022\/09\/Temas-para-gobernantes-y-gobernados.-Hitler-en-el-Peru.pdf\">Temas para gobernantes y gobernados. Hitler en el Per\u00fa.<\/a><\/p>\n\n\n\n<p>32) <a href=\"https:\/\/hugopalma.academy\/wp-content\/uploads\/2022\/09\/Quien-quieres-que-te-robe-o-te-mate.pdf\">\u00bfQui\u00e9n quieres que te robe; o te mate?.<\/a><\/p>\n\n\n\n<p>33) <a href=\"https:\/\/hugopalma.academy\/wp-content\/uploads\/2022\/08\/Al-Cangrezoo-le-pesa-mucho.pdf\">Al Cangrezoo le pesa mucho.<\/a><\/p>\n\n\n\n<p>34) <a href=\"https:\/\/hugopalma.academy\/wp-content\/uploads\/2022\/08\/Tsunami-de-corruptos-y-hora-de-ciudadanos.pdf\">Tsunami de corruptos y hora de ciudadanos.<\/a><\/p>\n\n\n\n<p>35) <a href=\"https:\/\/hugopalma.academy\/wp-content\/uploads\/2022\/08\/Incendiados.pdf\">Incendiados.<\/a><\/p>\n\n\n\n<p>36) <a href=\"https:\/\/hugopalma.academy\/wp-content\/uploads\/2022\/08\/El-poder-corrompe.pdf\">El poder corrompe.<\/a><\/p>\n\n\n\n<p>37) <a href=\"https:\/\/hugopalma.academy\/wp-content\/uploads\/2022\/07\/La-vida-te-da-sorpresas.pdf\">La vida te da sorpresas.<\/a><\/p>\n\n\n\n<p>38) <a href=\"https:\/\/hugopalma.academy\/wp-content\/uploads\/2022\/07\/Sorpresas-o-solo-verguenza.pdf\">Sorpresas o solo verg\u00fcenza.<\/a><\/p>\n\n\n\n<p>39) <a href=\"https:\/\/hugopalma.academy\/wp-content\/uploads\/2022\/07\/Un-amigo-nos-mira-con-tristeza.pdf\">Un amigo nos mira con tristeza.<\/a><\/p>\n\n\n\n<p>40) <a href=\"https:\/\/hugopalma.academy\/wp-content\/uploads\/2022\/07\/La-corrupcion-nos-esta-matando.pdf\">La corrupci\u00f3n nos est\u00e1 matando.<\/a><\/p>\n\n\n\n<p>41) <a href=\"https:\/\/hugopalma.academy\/wp-content\/uploads\/2022\/07\/Gobierno-aterrice-la-FAP-no-da-millas.pdf\">Gobierno, aterrice, la FAP no da millas.<\/a><\/p>\n\n\n\n<p>42) <a href=\"https:\/\/hugopalma.academy\/wp-content\/uploads\/2022\/06\/Urgen-cambios-no-caos.pdf\">Urgen cambios, no caos.<\/a><\/p>\n\n\n\n<p>43) <a href=\"https:\/\/hugopalma.academy\/wp-content\/uploads\/2022\/06\/Palacios-embrujados-o-infestados.pdf\">\u00bfPalacios embrujados o infestados?.<\/a><\/p>\n\n\n\n<p>44) <a href=\"https:\/\/hugopalma.academy\/wp-content\/uploads\/2022\/06\/No-dejes-de-robar-hoy.....pdf\">No dejes de robar hoy&#8230;<\/a>.<\/p>\n\n\n\n<p>45) <a href=\"https:\/\/hugopalma.academy\/wp-content\/uploads\/2022\/06\/Gobierno-Putin-Hambruna-Peruana.pdf\">Gobierno + Putin = Hambruna Peruana.<\/a><\/p>\n\n\n\n<p>46) <a href=\"https:\/\/hugopalma.academy\/wp-content\/uploads\/2022\/05\/Kumvre-de-las-Hamerikaz.pdf\">Kumvre de las Hamerikaz.<\/a><\/p>\n\n\n\n<p>47) <a href=\"https:\/\/hugopalma.academy\/wp-content\/uploads\/2022\/05\/No-bajen-de-su-terraza.pdf\">No bajen de su terraza.<\/a><\/p>\n\n\n\n<p>48) <a href=\"https:\/\/hugopalma.academy\/wp-content\/uploads\/2022\/05\/Sin-su-participacion-no-hay-solucion.pdf\">Sin su participaci\u00f3n, no hay soluci\u00f3n.<\/a><\/p>\n\n\n\n<p>49) <a href=\"https:\/\/hugopalma.academy\/wp-content\/uploads\/2022\/05\/Peores-Unidos-jamas-seran-vencidos.pdf\">\u00a1Peores, unidos, jam\u00e1s ser\u00e1n vencidos!.<\/a><\/p>\n\n\n\n<p>50) <a href=\"https:\/\/hugopalma.academy\/wp-content\/uploads\/2022\/05\/Constitucion-arracimada-y-con-riesgo-quirurgico.pdf\">Constituci\u00f3n  arracimada y con riesgo quir\u00fargico<\/a><\/p>\n\n\n\n<p>51) <a href=\"https:\/\/hugopalma.academy\/wp-content\/uploads\/2022\/04\/Putin-y-el-Presidente-hundiendo-al-Peru.pdf\">Putin y el Presidente hundiendo al Per\u00fa.<\/a><\/p>\n\n\n\n<p>52) <a href=\"https:\/\/hugopalma.academy\/wp-content\/uploads\/2022\/04\/El-Pais-de-los-pasos-al-costado.pdf\">El pa\u00eds de los pasos al costado.<\/a><\/p>\n\n\n\n<p>53) <a href=\"https:\/\/hugopalma.academy\/wp-content\/uploads\/2022\/04\/Quienes-son-todos.pdf\">\u00bfQui\u00e9nes son todos?.<\/a><\/p>\n\n\n\n<p>54) <a href=\"https:\/\/hugopalma.academy\/wp-content\/uploads\/2022\/04\/Gobernar-es-volar.pdf\">Gobernar es volar.<\/a><\/p>\n\n\n\n<p>55) <a href=\"https:\/\/hugopalma.academy\/wp-content\/uploads\/2022\/03\/Cangrezoo-en-la-sombra.pdf\">Cangrezoo en la sombra.<\/a><\/p>\n\n\n\n<p>56) <a href=\"https:\/\/hugopalma.academy\/wp-content\/uploads\/2022\/03\/Putin-agrede-a-Ucrania-al-Peru-y-a-toda-la-Humanidad.pdf\">Putin agrede a Ucrania, al Per\u00fa y a toda la Humanidad.<\/a><\/p>\n\n\n\n<p>57) <a href=\"https:\/\/hugopalma.academy\/wp-content\/uploads\/2022\/03\/La-hora-de-Gaston-y-Gaston.pdf\">La hora de Gast\u00f3n y Gast\u00f3n.<\/a><\/p>\n\n\n\n<p>58) <a href=\"https:\/\/hugopalma.academy\/wp-content\/uploads\/2022\/03\/Hay-leyes-que-se-cumplen.pdf\">Hay leyes que se cumplen.<\/a><\/p>\n\n\n\n<p>59) <a href=\"https:\/\/hugopalma.academy\/wp-content\/uploads\/2022\/02\/Peruanas-vayan-al-frente.pdf\">Peruanas, vayan al frente.<\/a><\/p>\n\n\n\n<p>60) <a href=\"https:\/\/hugopalma.academy\/wp-content\/uploads\/2022\/02\/Choque-y-Fuga.pdf\">Choque y Fuga.<\/a><\/p>\n\n\n\n<p>61) <a href=\"https:\/\/hugopalma.academy\/wp-content\/uploads\/2022\/02\/Salvemos-a-los-Otorongos.pdf\">Salvemos a los Otorongos.<\/a><\/p>\n\n\n\n<p>62) <a href=\"https:\/\/hugopalma.academy\/wp-content\/uploads\/2022\/02\/Los-Juramentos.pdf\">Los Juramentos.<\/a><\/p>\n\n\n\n<p>63) <a href=\"https:\/\/hugopalma.academy\/wp-content\/uploads\/2022\/01\/Las-Ignorancias-Sociedad-nada-Anonima.pdf\">Las Ignorancias &#8211; Sociedad nada An\u00f3nima.<\/a><\/p>\n\n\n\n<p>64) <a href=\"https:\/\/hugopalma.academy\/wp-content\/uploads\/2022\/01\/Es-la-Politica-Estupido.pdf\">Es la pol\u00edtica; Est\u00fapido.<\/a><\/p>\n\n\n\n<p>65) <a href=\"https:\/\/hugopalma.academy\/wp-content\/uploads\/2022\/01\/Informes-o-Autopsias.pdf\">\u00bfInformes o Autopsias?.<\/a><\/p>\n\n\n\n<p>66) <a href=\"https:\/\/hugopalma.academy\/wp-content\/uploads\/2022\/01\/Para-que.pdf\">\u00bfPara qu\u00e9?.<\/a><\/p>\n\n\n\n<p>67) <a href=\"https:\/\/hugopalma.academy\/wp-content\/uploads\/2022\/01\/2022.pdf\">2022.<\/a><\/p>\n\n\n\n<p>68) <a href=\"https:\/\/hugopalma.academy\/wp-content\/uploads\/2021\/12\/Luchen-o-huyan.pdf\">Luchen o huyan.<\/a><\/p>\n\n\n\n<p>69) <a href=\"https:\/\/hugopalma.academy\/wp-content\/uploads\/2021\/12\/No-mas-Probos-en-Politica.pdf\">No m\u00e1s Probos en Pol\u00edtica (Elige tu choro).<\/a><\/p>\n\n\n\n<p>70) <a href=\"https:\/\/hugopalma.academy\/wp-content\/uploads\/2021\/12\/La-cobra-al-dia-politica.pdf\">La cobra al d\u00eda pol\u00edtica.<\/a><\/p>\n\n\n\n<p>71) <a href=\"https:\/\/hugopalma.academy\/wp-content\/uploads\/2021\/12\/Querido-Papa-Noel.pdf\">Querido Pap\u00e1 Noel.<\/a><\/p>\n\n\n\n<p>72) <a href=\"https:\/\/hugopalma.academy\/wp-content\/uploads\/2021\/11\/Olla-podrida.pdf\">Olla podrida.<\/a><\/p>\n\n\n\n<p>73) <a href=\"https:\/\/hugopalma.academy\/wp-content\/uploads\/2021\/11\/Malos-Peores-y-Pesimos.pdf\">Malos, peores y p\u00e9simos<\/a>.<\/p>\n\n\n\n<p>74) <a href=\"https:\/\/hugopalma.academy\/wp-content\/uploads\/2021\/11\/America-en-la-tina.pdf\">Am\u00e9rica en la tina.<\/a><\/p>\n\n\n\n<p>75) <a href=\"https:\/\/hugopalma.academy\/wp-content\/uploads\/2021\/11\/Como-te-gustan-los-militares-Hugo-Palma-7nov21.pdf\">Como te gustan los militares.<\/a><\/p>\n\n\n\n<p>76) <a href=\"https:\/\/hugopalma.academy\/wp-content\/uploads\/2021\/11\/Mienteme-mas-H-Palma-PERU21-31octubre2021.pdf\">Mi\u00e9nteme m\u00e1s.<\/a><\/p>\n\n\n\n<p>77) <a href=\"https:\/\/hugopalma.academy\/wp-content\/uploads\/2021\/10\/Seguridad-Ciudadana-H-Palma-Peru21-24oct21.pdf\">Seguridad Ciudadana.<\/a><\/p>\n\n\n\n<p>78) <a href=\"https:\/\/hugopalma.academy\/wp-content\/uploads\/2021\/10\/Nuestro-Norte-es-el-Sur-Hugo-Palma-Peru21-17oct21.pdf\">Nuestro Norte es el Sur.<\/a><\/p>\n\n\n\n<p>79) <a href=\"https:\/\/hugopalma.academy\/wp-content\/uploads\/2021\/10\/PALABRAS-DE-MAESTROS-Hugo-Palma-Peru21-10-octubre-2021.pdf\">Palabras de Maestros.<\/a><\/p>\n\n\n\n<p>80) <a href=\"https:\/\/hugopalma.academy\/wp-content\/uploads\/2021\/10\/Roba-pero-tambien-destruye-H-Palma-Peru21-3oct21.pdf\">Roba pero tambi\u00e9n destruye.<\/a><\/p>\n\n\n\n<p>81) <a href=\"https:\/\/hugopalma.academy\/wp-content\/uploads\/2021\/09\/Los-hombres-de-Castilla-o-de-Castillo-Hugo-Palma-Peru21-Lima-23set21-convertido.pdf\">Los hombres de Castilla o de Castillo.<\/a><\/p>\n\n\n\n<p>82) <a href=\"https:\/\/hugopalma.academy\/wp-content\/uploads\/2021\/09\/Los-ladrones-los-peores-y-los-peores-ladrones-Hugo-Palma-Peru21-30ago21.docx.jpg\">Los ladrones, los peores y los peores ladrones.<\/a><\/p>\n\n\n\n<p>83) <a href=\"https:\/\/hugopalma.academy\/wp-content\/uploads\/2021\/09\/Investidura-La-ausencia-mas-visible-Hugo-Palma-Lampadia-Lima-20-agosto-2021.pdf\">Investidura. La ausencia mas visible.<\/a><\/p>\n\n\n\n<p>84) <a href=\"https:\/\/hugopalma.academy\/wp-content\/uploads\/2021\/09\/No-manosear-FFAA-y-PNP-Hugo-Palma-Peru21-16agosto2021-convertido.pdf\">No manosear a las Fuerzas Armadas y Polic\u00eda Nacional.<\/a><\/p>\n\n\n\n<p>85) <a href=\"https:\/\/hugopalma.academy\/wp-content\/uploads\/2021\/09\/Congreso-derogaria-ley-de-la-gravedad-H-Palma-publicado-PERU21-Lima-11julio2021.png\">Congreso derogar\u00eda ley de la gravedad.<\/a><\/p>\n\n\n\n<p>86) <a href=\"https:\/\/hugopalma.academy\/wp-content\/uploads\/2021\/09\/El-pobre-Fernandez-Hugo-Palma-Para-Lampadia-23-Julio-2021.pdf\">El pobre Fern\u00e1ndez.<\/a><\/p>\n\n\n\n<p>87) <a href=\"https:\/\/hugopalma.academy\/wp-content\/uploads\/2021\/11\/Politicas-Publicas-No-Putridas-Hugo-Palma-PERU21-3abril2021.pdf\">Pol\u00edticas P\u00fablicas No P\u00fatridas.<\/a><\/p>\n\n\n\n<p>88) <a href=\"https:\/\/hugopalma.academy\/wp-content\/uploads\/2021\/09\/Los-candidatos-y-el-test-del-Cocinero.pdf\">Los candidatos y el test del cocinero.<\/a><\/p>\n\n\n\n<p>89) <a href=\"https:\/\/hugopalma.academy\/wp-content\/uploads\/2021\/09\/En-busca-de-la-soberania-perdida-Carta-al-Diario-La-Republica.pdf\">En busca de la soberan\u00eda perdida &#8211; Carta al Diario La Rep\u00fablica.<\/a><\/p>\n\n\n\n<p>90) <a href=\"https:\/\/hugopalma.academy\/wp-content\/uploads\/2021\/09\/Hugo-Palma-NUEVA-CONSTITUCION-Peru21-26dic2020-3.jpg\">Nueva Constituci\u00f3n.<\/a><\/p>\n\n\n\n<p>91) <a href=\"https:\/\/hugopalma.academy\/wp-content\/uploads\/2021\/09\/Preocupaciones-sobre-el-acuerdo-de-Escazu.pdf\">Preocupaciones sobre el acuerdo de Escaz\u00fa.<\/a><\/p>\n\n\n\n<p>92) <a href=\"https:\/\/hugopalma.academy\/wp-content\/uploads\/2021\/09\/Los-venezolanos-y-nuestras-responsabilidades.pdf\">Los venezolanos y nuestras responsabilidades.<\/a><\/p>\n\n\n\n<p>93) <a href=\"https:\/\/hugopalma.academy\/wp-content\/uploads\/2021\/09\/LA-DEMOCRACIA-Y-EL-SALAME-Hugo-Palma-31ago18.pdf\">La democracia y el salame.<\/a><\/p>\n\n\n\n<p><\/p>\n\n\n\n<p><\/p>\n\n\n\n<p><\/p>\n\n\n\n<p><\/p>\n","protected":false},"excerpt":{"rendered":"<p>01) Si Quieres Paz&#8230; 02) Servimos a la Naci\u00f3n. 03) Cavando su tumba; y la del Per\u00fa. 04) Los establos de Aug\u00edas. 05) Los Para\u00edsos. 06) Presunci\u00f3n de delincuencia. 07) No nos confundan con hechos. 08) \u00bfHermanos o compinches?. 09) Miente, miente; te creer\u00e1n. 10) El clamor del pueblo. 11) Guerras avisadas tambi\u00e9n matan gente. &hellip; <\/p>\n<p class=\"link-more\"><a href=\"https:\/\/hugopalma.academy\/?page_id=1342\" class=\"more-link\">Continue reading<span class=\"screen-reader-text\"> \u00abPublicaciones &#038; Conferencias 09)\u00bb<\/span><\/a><\/p>\n","protected":false},"author":2,"featured_media":0,"parent":0,"menu_order":0,"comment_status":"closed","ping_status":"closed","template":"","meta":{"jetpack_post_was_ever_published":false,"footnotes":""},"class_list":["post-1342","page","type-page","status-publish","hentry"],"jetpack_sharing_enabled":true,"jetpack_shortlink":"https:\/\/wp.me\/Pa9V6O-lE","_links":{"self":[{"href":"https:\/\/hugopalma.academy\/index.php?rest_route=\/wp\/v2\/pages\/1342","targetHints":{"allow":["GET"]}}],"collection":[{"href":"https:\/\/hugopalma.academy\/index.php?rest_route=\/wp\/v2\/pages"}],"about":[{"href":"https:\/\/hugopalma.academy\/index.php?rest_route=\/wp\/v2\/types\/page"}],"author":[{"embeddable":true,"href":"https:\/\/hugopalma.academy\/index.php?rest_route=\/wp\/v2\/users\/2"}],"replies":[{"embeddable":true,"href":"https:\/\/hugopalma.academy\/index.php?rest_route=%2Fwp%2Fv2%2Fcomments&post=1342"}],"version-history":[{"count":122,"href":"https:\/\/hugopalma.academy\/index.php?rest_route=\/wp\/v2\/pages\/1342\/revisions"}],"predecessor-version":[{"id":2488,"href":"https:\/\/hugopalma.academy\/index.php?rest_route=\/wp\/v2\/pages\/1342\/revisions\/2488"}],"wp:attachment":[{"href":"https:\/\/hugopalma.academy\/index.php?rest_route=%2Fwp%2Fv2%2Fmedia&parent=1342"}],"curies":[{"name":"wp","href":"https:\/\/api.w.org\/{rel}","templated":true}]}}